{"id":167,"date":"2014-03-31T00:30:48","date_gmt":"2014-03-30T22:30:48","guid":{"rendered":"http:\/\/solidarnosc80malopolska.pl\/?page_id=167"},"modified":"2014-09-04T23:51:42","modified_gmt":"2014-09-04T21:51:42","slug":"zebrania-delegatow","status":"publish","type":"page","link":"http:\/\/solidarnosc80malopolska.pl\/?page_id=167","title":{"rendered":"Zebrania Delegat\u00f3w"},"content":{"rendered":"<div class=\"fcbkbttn_buttons_block\" id=\"fcbkbttn_left\"><div class=\"fcbkbttn_like \"><fb:like href=\"http:\/\/solidarnosc80malopolska.pl\/?page_id=167\" action=\"like\" colorscheme=\"light\" layout=\"button_count\"  size=\"small\"><\/fb:like><\/div><div class=\"fb-share-button  \" data-href=\"http:\/\/solidarnosc80malopolska.pl\/?page_id=167\" data-type=\"button_count\" data-size=\"small\"><\/div><\/div>\n\t<span class=\"fbreplace\">\n\t<!-- FBML <div class=\"fb-like\" data-href=\"http:\/\/solidarnosc80malopolska.pl\/?page_id=167\" data-send=\"true\" data-layout=\"standard\" data-width=\"450\" show_faces=\"false\" data-action=\"recommend\" data-font=\"\" style=\"margin: 0px 0px 0px 0px;\"><\/div> FBML -->\n\t<\/span>\n\t\n<p><a title=\"Galeria\" href=\"http:\/\/solidarnosc80malopolska.pl\/?page_id=108\">\u2190 wr\u00f3\u0107<\/a><\/p>\n<p><strong>Zgodnie z \u00a7 18-26 Statutu NSZZ Solidarno\u015b\u0107 &#8217;80 Ma\u0142opolska, co najmniej raz w roku, <\/strong><a href=\"http:\/\/solidarnosc80malopolska.pl\/wp-content\/uploads\/2014\/03\/zdjecie16.jpg\"><img loading=\"lazy\" decoding=\"async\" class=\"wp-image-390 alignright\" src=\"http:\/\/solidarnosc80malopolska.pl\/wp-content\/uploads\/2014\/03\/zdjecie16-300x200.jpg\" alt=\"zdjecie16\" width=\"370\" height=\"252\" \/><\/a><strong>odbywa si\u0119 Krajowy Zjazd Delegat\u00f3w oraz Walne Zebrania Delegat\u00f3w struktur ni\u017cszego szczebla (Regionu, Komisji Mi\u0119dzyzak\u0142adowych i Zak\u0142adowych).<br \/>\nNa Zjazdach, opr\u00f3cz omawiania wa\u017cnych spraw zwi\u0105zkowych, ustala si\u0119 &#8222;polityk\u0119&#8221; Zwi\u0105zku w stosunku do dynamicznie zmieniaj\u0105cych si\u0119 uwarunkowa\u0144 socjalnych i <\/strong><strong>prawnych w naszym Pa\u0144stwie. Ci\u0105g\u0142a reorganizacja struktur Pa\u0144stwa Polskiego cz\u0119sto radykalnie zmienia stosunki prawne mi\u0119dzy pracownikami a pracodawcami. Cz\u0119ste spotkania na zebraniach i Zjazdach umo\u017cliwiaj\u0105 naszym Kole\u017cankom i Kolegom wymian\u0119 informacji, przedyskutowanie spornych kwestii oraz zasi\u0119gni\u0119cie porady od bardziej do\u015bwiadczonych Zwi\u0105zkowc\u00f3w. Czasami zebrania po\u0142\u0105czone s\u0105 ze szkoleniami prowadzonymi przez zaproszonych prelegent\u00f3w (Inspektor\u00f3w PIP, prawnik\u00f3w, pracownik\u00f3w ZUS itp).<\/strong><\/p>\n<p>&nbsp;<\/p>\n<p><strong>Krajowy Zjazd Delegat\u00f3w, czy te\u017c Regionalne Zjazdy Delegat\u00f3w odbywaj\u0105 si\u0119 najcz\u0119\u015bciej poza Krakowem. S\u0105 to najcz\u0119\u015bciej 2-3 dniowe obrady, trwaj\u0105ce przed i po po\u0142udniu ka\u017cdego dnia &#8211; do om\u00f3wienia jest zawsze bardzo du\u017co spraw.<\/strong><\/p>\n<p><a href=\"http:\/\/solidarnosc80malopolska.pl\/wp-content\/uploads\/2014\/03\/zdjecie17.jpg\"><img loading=\"lazy\" decoding=\"async\" class=\"alignnone  wp-image-391\" src=\"http:\/\/solidarnosc80malopolska.pl\/wp-content\/uploads\/2014\/03\/zdjecie17-300x225.jpg\" alt=\"OLYMPUS DIGITAL CAMERA\" width=\"375\" height=\"285\" \/><\/a><\/p>\n<p><strong>Cz\u0142onkowie Prezydium Zarz\u0105du Regionu cz\u0119sto bior\u0105 udzia\u0142 w ze<\/strong><strong><a href=\"http:\/\/solidarnosc80malopolska.pl\/wp-content\/uploads\/2014\/03\/zdjecie18.jpg\"><img loading=\"lazy\" decoding=\"async\" class=\"wp-image-392 alignright\" src=\"http:\/\/solidarnosc80malopolska.pl\/wp-content\/uploads\/2014\/03\/zdjecie18-300x199.jpg\" alt=\"zdjecie18\" width=\"377\" height=\"255\" \/><\/a><\/strong><strong>braniach komisji <\/strong><strong>zak\u0142adowych naszego Zwi\u0105zku. Na zdj\u0119ciu by\u0142a Przewodnicz\u0105ca Zarz\u0105du Regionu Ma\u0142opolskiego, Kol. Jolanta Stalmach, w Wielkanocy w zak\u0142adach SARIA.2004 r.<\/strong><\/p>\n<p>&nbsp;<\/p>\n<p>&nbsp;<\/p>\n<p>&nbsp;<\/p>\n<p>&nbsp;<\/p>\n<p><strong>\u00a0Na Walne Zebrania, opr\u00f3cz przedstawicieli zwi\u0105zkowych struktur wy\u017cszego szczebla, <\/strong><strong>zaprasza si\u0119 zwyczajowo przedstawicieli danego pracodawcy. Daje to mo\u017cliwo\u015b\u0107 zwi\u0105zkowcom-pracownikom zadawania r\u00f3\u017cnych, nie zawsze wygodnych dla pracodawcy, pyta\u0144 (np. dotyczacych spraw p\u0142acowych czy te\u017c normoobsad). Zwi\u0105zkowcy maj\u0105 mo\u017cliwo\u015b\u0107 bezpo\u015bredniego przekazania pracodawcy informacji o wszelkich <\/strong><strong><a href=\"http:\/\/solidarnosc80malopolska.pl\/wp-content\/uploads\/2014\/03\/zdjecie19.jpg\"><img loading=\"lazy\" decoding=\"async\" class=\"wp-image-393 alignright\" src=\"http:\/\/solidarnosc80malopolska.pl\/wp-content\/uploads\/2014\/03\/zdjecie19-300x200.jpg\" alt=\"OLYMPUS DIGITAL CAMERA\" width=\"378\" height=\"258\" \/><\/a><\/strong><strong>nieprawid\u0142owo\u015bciach w funkcjonowaniu ich zak\u0142adu.<\/strong><br \/>\n<strong>\u00a0\u00a0\u00a0\u00a0\u00a0\u00a0\u00a0 Na zdj\u0119ciu obok, podczas Walnego Zebrania Delegat\u00f3w najwi\u0119kszej w Region<\/strong><strong>ie <\/strong><strong>Ma\u0142opolskim organizacji zwi\u0105zkowej S80M w ArcelorMittal Steel POland S.A., obok <\/strong><strong>przedstawicieli Komisji Mi\u0119dzyzak\u0142adowej <\/strong><strong>siedz\u0105 <\/strong><strong>przedstawiciele pr<\/strong><strong>acodawcy.<\/strong><\/p>\n<p>&nbsp;<\/p>\n<p><strong>Od lewej <\/strong><strong>siedz\u0105:K.Procek,M.Kucharski,E.Hlek,J.Ku\u015bmierz,A.W\u0119glarz,Z.G\u0105ska.<\/strong><\/p>\n<p><a href=\"http:\/\/solidarnosc80malopolska.pl\/wp-content\/uploads\/2014\/03\/466539_102434809916462_537768676_o.jpg\"><img loading=\"lazy\" decoding=\"async\" class=\"wp-image-458 alignright\" src=\"http:\/\/solidarnosc80malopolska.pl\/wp-content\/uploads\/2014\/03\/466539_102434809916462_537768676_o-300x225.jpg\" alt=\"466539_102434809916462_537768676_o\" width=\"355\" height=\"270\" \/><\/a><\/p>\n<p>&nbsp;<\/p>\n<p>&nbsp;<\/p>\n<p>&nbsp;<\/p>\n<p><strong>Walny Zjazd Delegat\u00f3w Region Ma\u0142opolski &#8211; Bukowina Tatrza\u0144ska, pa\u017adziernik 2010<\/strong><\/p>\n<p>&nbsp;<\/p>\n<p>&nbsp;<\/p>\n<p>&nbsp;<\/p>\n<p>&nbsp;<\/p>\n<p>&nbsp;<\/p>\n<p><strong>W dniach 23-24 maja 2014 roku zosta\u0142o zorganizowane przez nasz zwi\u0105zek Solidarno\u015b\u0107 80 Ma\u0142opolska, szkolenie z inspektorami PIP i ZUS.<\/strong><\/p>\n<p><strong>Szkolenie odby\u0142o si\u0119 w malowniczym Poronine, w go\u015bcinnym pensjonacie Limba.<\/strong><\/p>\n<p style=\"text-align: left;\"><strong>W trakcie szkolenia om\u00f3wione zosta\u0142y tematy dotycz\u0105ce prawa pracy i zagadnienia m.in. warunk\u00f3w nabywania uprawnie\u0144do \u015bwiadcze\u0144 emerytalno rentowych.<a href=\"http:\/\/solidarnosc80malopolska.pl\/wp-content\/uploads\/2014\/06\/DSC_0129.jpg\"><img loading=\"lazy\" decoding=\"async\" class=\"alignright  wp-image-496\" src=\"http:\/\/solidarnosc80malopolska.pl\/wp-content\/uploads\/2014\/06\/DSC_0129-300x224.jpg\" alt=\"DSC_0129\" width=\"288\" height=\"219\" \/><\/a><a href=\"http:\/\/solidarnosc80malopolska.pl\/wp-content\/uploads\/2014\/06\/DSC_0135.jpg\"><img loading=\"lazy\" decoding=\"async\" class=\"wp-image-498\" src=\"http:\/\/solidarnosc80malopolska.pl\/wp-content\/uploads\/2014\/06\/DSC_0135-300x225.jpg\" alt=\"DSC_0135\" width=\"284\" height=\"217\" \/><\/a>\u00a0 <\/strong><\/p>\n<p style=\"text-align: center;\"><strong>W szkoleniu uczestniczy\u0142y licznie nasze komisje: MK NSZZ Mittal Steel Polska, Saria Ma\u0142opolska, DPS Batowice, DPS Karniowice, Can Pak Brzesko, MPWIK, HUT PUS, Szpital \u017beromskiego, Pogotowie Krakowskie, Tarnospin Tarn\u00f3w.<a href=\"http:\/\/solidarnosc80malopolska.pl\/wp-content\/uploads\/2014\/06\/DSC_0142.jpg\"><img loading=\"lazy\" decoding=\"async\" class=\"size-medium wp-image-497 aligncenter\" src=\"http:\/\/solidarnosc80malopolska.pl\/wp-content\/uploads\/2014\/06\/DSC_0142-300x200.jpg\" alt=\"DSC_0142\" width=\"300\" height=\"200\" srcset=\"http:\/\/solidarnosc80malopolska.pl\/wp-content\/uploads\/2014\/06\/DSC_0142-300x200.jpg 300w, http:\/\/solidarnosc80malopolska.pl\/wp-content\/uploads\/2014\/06\/DSC_0142-1024x682.jpg 1024w, http:\/\/solidarnosc80malopolska.pl\/wp-content\/uploads\/2014\/06\/DSC_0142-449x300.jpg 449w\" sizes=\"auto, (max-width: 300px) 100vw, 300px\" \/><\/a><\/strong><a title=\"Galeria\" href=\"http:\/\/solidarnosc80malopolska.pl\/?page_id=108\">\u2190 wr\u00f3\u0107<\/a><\/p>\n","protected":false},"excerpt":{"rendered":"<div class=\"fcbkbttn_buttons_block\" id=\"fcbkbttn_left\"><div class=\"fcbkbttn_like \"><fb:like href=\"http:\/\/solidarnosc80malopolska.pl\/?page_id=167\" action=\"like\" colorscheme=\"light\" layout=\"button_count\"  size=\"small\"><\/fb:like><\/div><div class=\"fb-share-button  \" data-href=\"http:\/\/solidarnosc80malopolska.pl\/?page_id=167\" data-type=\"button_count\" data-size=\"small\"><\/div><\/div><p>\u2190 wr\u00f3\u0107 Zgodnie z \u00a7 18-26 Statutu NSZZ Solidarno\u015b\u0107 &#8217;80 Ma\u0142opolska, co najmniej raz w roku, odbywa si\u0119 Krajowy Zjazd Delegat\u00f3w oraz Walne Zebrania Delegat\u00f3w struktur ni\u017cszego szczebla (Regionu, Komisji Mi\u0119dzyzak\u0142adowych i Zak\u0142adowych). Na Zjazdach, opr\u00f3cz omawiania wa\u017cnych spraw zwi\u0105zkowych, &hellip; <a class=\"more-link\" href=\"http:\/\/solidarnosc80malopolska.pl\/?page_id=167\">Czytaj dalej <span class=\"meta-nav\">&rarr;<\/span><\/a><\/p>\n","protected":false},"author":1,"featured_media":0,"parent":108,"menu_order":3,"comment_status":"closed","ping_status":"closed","template":"","meta":{"pgc_sgb_lightbox_settings":"","footnotes":""},"class_list":["post-167","page","type-page","status-publish","hentry"],"_links":{"self":[{"href":"http:\/\/solidarnosc80malopolska.pl\/index.php?rest_route=\/wp\/v2\/pages\/167","targetHints":{"allow":["GET"]}}],"collection":[{"href":"http:\/\/solidarnosc80malopolska.pl\/index.php?rest_route=\/wp\/v2\/pages"}],"about":[{"href":"http:\/\/solidarnosc80malopolska.pl\/index.php?rest_route=\/wp\/v2\/types\/page"}],"author":[{"embeddable":true,"href":"http:\/\/solidarnosc80malopolska.pl\/index.php?rest_route=\/wp\/v2\/users\/1"}],"replies":[{"embeddable":true,"href":"http:\/\/solidarnosc80malopolska.pl\/index.php?rest_route=%2Fwp%2Fv2%2Fcomments&post=167"}],"version-history":[{"count":9,"href":"http:\/\/solidarnosc80malopolska.pl\/index.php?rest_route=\/wp\/v2\/pages\/167\/revisions"}],"predecessor-version":[{"id":600,"href":"http:\/\/solidarnosc80malopolska.pl\/index.php?rest_route=\/wp\/v2\/pages\/167\/revisions\/600"}],"up":[{"embeddable":true,"href":"http:\/\/solidarnosc80malopolska.pl\/index.php?rest_route=\/wp\/v2\/pages\/108"}],"wp:attachment":[{"href":"http:\/\/solidarnosc80malopolska.pl\/index.php?rest_route=%2Fwp%2Fv2%2Fmedia&parent=167"}],"curies":[{"name":"wp","href":"https:\/\/api.w.org\/{rel}","templated":true}]}}