{"id":2027,"date":"2026-03-04T14:28:48","date_gmt":"2026-03-04T13:28:48","guid":{"rendered":"https:\/\/solidarnosc80malopolska.pl\/?page_id=2027"},"modified":"2026-03-05T10:22:53","modified_gmt":"2026-03-05T09:22:53","slug":"mandoria","status":"publish","type":"page","link":"http:\/\/solidarnosc80malopolska.pl\/?page_id=2027","title":{"rendered":"Mandoria"},"content":{"rendered":"<div class=\"fcbkbttn_buttons_block\" id=\"fcbkbttn_left\"><div class=\"fcbkbttn_like \"><fb:like href=\"http:\/\/solidarnosc80malopolska.pl\/?page_id=2027\" action=\"like\" colorscheme=\"light\" layout=\"button_count\"  size=\"small\"><\/fb:like><\/div><div class=\"fb-share-button  \" data-href=\"http:\/\/solidarnosc80malopolska.pl\/?page_id=2027\" data-type=\"button_count\" data-size=\"small\"><\/div><\/div>\n\t<span class=\"fbreplace\">\n\t<!-- FBML <div class=\"fb-like\" data-href=\"http:\/\/solidarnosc80malopolska.pl\/?page_id=2027\" data-send=\"true\" data-layout=\"standard\" data-width=\"450\" show_faces=\"false\" data-action=\"recommend\" data-font=\"\" style=\"margin: 0px 0px 0px 0px;\"><\/div> FBML -->\n\t<\/span>\n\t\n<div class=\"wp-block-image\">\n<figure class=\"aligncenter size-full is-resized\"><img loading=\"lazy\" decoding=\"async\" width=\"510\" height=\"649\" src=\"https:\/\/solidarnosc80malopolska.pl\/wp-content\/uploads\/2026\/03\/Zrzut-ekranu-2026-03-05-082045.jpg\" alt=\"\" class=\"wp-image-2034\" style=\"aspect-ratio:0.7858404172313253;width:515px;height:auto\" srcset=\"http:\/\/solidarnosc80malopolska.pl\/wp-content\/uploads\/2026\/03\/Zrzut-ekranu-2026-03-05-082045.jpg 510w, http:\/\/solidarnosc80malopolska.pl\/wp-content\/uploads\/2026\/03\/Zrzut-ekranu-2026-03-05-082045-236x300.jpg 236w\" sizes=\"auto, (max-width: 510px) 100vw, 510px\" \/><\/figure>\n<\/div>\n\n\n<p class=\"has-text-align-center\"><a href=\"https:\/\/mandoria.com\/\">Park Rozrywki Mandoria<\/a><\/p>\n\n\n\n<p class=\"has-text-align-center\">to najwi\u0119kszy w Europie, kryty Park rodzinnej rozrywki o powierzchni blisko 3 hektar\u00f3w. <\/p>\n\n\n\n<p class=\"has-text-align-center\">Znajduje si\u0119 w bliskiej lokalizacji &#8211; w Rzgowie przy ulicy Miasto Mody 2.<\/p>\n\n\n\n<p class=\"has-text-align-center\">Mandoria r\u00f3\u017cni si\u0119 od podobnych obiekt\u00f3w, nie tylko zadaszeniem czy<\/p>\n\n\n\n<p class=\"has-text-align-center\">funkcjonowaniem przez ca\u0142y rok &#8211; jest w pe\u0142ni stylizowana na renesansowe<\/p>\n\n\n\n<p class=\"has-text-align-center\">miasto handlowe co przenosi Go\u015bci wprost do XVI w.<\/p>\n\n\n\n<p class=\"has-text-align-center\"><\/p>\n","protected":false},"excerpt":{"rendered":"<div class=\"fcbkbttn_buttons_block\" id=\"fcbkbttn_left\"><div class=\"fcbkbttn_like \"><fb:like href=\"http:\/\/solidarnosc80malopolska.pl\/?page_id=2027\" action=\"like\" colorscheme=\"light\" layout=\"button_count\"  size=\"small\"><\/fb:like><\/div><div class=\"fb-share-button  \" data-href=\"http:\/\/solidarnosc80malopolska.pl\/?page_id=2027\" data-type=\"button_count\" data-size=\"small\"><\/div><\/div><p>Park Rozrywki Mandoria to najwi\u0119kszy w Europie, kryty Park rodzinnej rozrywki o powierzchni blisko 3 hektar\u00f3w. Znajduje si\u0119 w bliskiej lokalizacji &#8211; w Rzgowie przy ulicy Miasto Mody 2. Mandoria r\u00f3\u017cni si\u0119 od podobnych obiekt\u00f3w, nie tylko zadaszeniem czy funkcjonowaniem &hellip; <a class=\"more-link\" href=\"http:\/\/solidarnosc80malopolska.pl\/?page_id=2027\">Czytaj dalej <span class=\"meta-nav\">&rarr;<\/span><\/a><\/p>\n","protected":false},"author":1,"featured_media":0,"parent":0,"menu_order":0,"comment_status":"closed","ping_status":"closed","template":"","meta":{"pgc_sgb_lightbox_settings":"","footnotes":""},"class_list":["post-2027","page","type-page","status-publish","hentry"],"_links":{"self":[{"href":"http:\/\/solidarnosc80malopolska.pl\/index.php?rest_route=\/wp\/v2\/pages\/2027","targetHints":{"allow":["GET"]}}],"collection":[{"href":"http:\/\/solidarnosc80malopolska.pl\/index.php?rest_route=\/wp\/v2\/pages"}],"about":[{"href":"http:\/\/solidarnosc80malopolska.pl\/index.php?rest_route=\/wp\/v2\/types\/page"}],"author":[{"embeddable":true,"href":"http:\/\/solidarnosc80malopolska.pl\/index.php?rest_route=\/wp\/v2\/users\/1"}],"replies":[{"embeddable":true,"href":"http:\/\/solidarnosc80malopolska.pl\/index.php?rest_route=%2Fwp%2Fv2%2Fcomments&post=2027"}],"version-history":[{"count":5,"href":"http:\/\/solidarnosc80malopolska.pl\/index.php?rest_route=\/wp\/v2\/pages\/2027\/revisions"}],"predecessor-version":[{"id":2040,"href":"http:\/\/solidarnosc80malopolska.pl\/index.php?rest_route=\/wp\/v2\/pages\/2027\/revisions\/2040"}],"wp:attachment":[{"href":"http:\/\/solidarnosc80malopolska.pl\/index.php?rest_route=%2Fwp%2Fv2%2Fmedia&parent=2027"}],"curies":[{"name":"wp","href":"https:\/\/api.w.org\/{rel}","templated":true}]}}