{"id":605,"date":"2014-09-05T00:26:59","date_gmt":"2014-09-04T22:26:59","guid":{"rendered":"http:\/\/solidarnosc80malopolska.pl\/?page_id=605"},"modified":"2015-09-18T19:09:09","modified_gmt":"2015-09-18T17:09:09","slug":"dzien-dziecka","status":"publish","type":"page","link":"http:\/\/solidarnosc80malopolska.pl\/?page_id=605","title":{"rendered":"Dzie\u0144 Dziecka"},"content":{"rendered":"<div class=\"fcbkbttn_buttons_block\" id=\"fcbkbttn_left\"><div class=\"fcbkbttn_like \"><fb:like href=\"http:\/\/solidarnosc80malopolska.pl\/?page_id=605\" action=\"like\" colorscheme=\"light\" layout=\"button_count\"  size=\"small\"><\/fb:like><\/div><div class=\"fb-share-button  \" data-href=\"http:\/\/solidarnosc80malopolska.pl\/?page_id=605\" data-type=\"button_count\" data-size=\"small\"><\/div><\/div>\n\t<span class=\"fbreplace\">\n\t<!-- FBML <div class=\"fb-like\" data-href=\"http:\/\/solidarnosc80malopolska.pl\/?page_id=605\" data-send=\"true\" data-layout=\"standard\" data-width=\"450\" show_faces=\"false\" data-action=\"recommend\" data-font=\"\" style=\"margin: 0px 0px 0px 0px;\"><\/div> FBML -->\n\t<\/span>\n\t\n<p><a title=\"Imprezy\" href=\"http:\/\/solidarnosc80malopolska.pl\/?page_id=169\">\u2190 wr\u00f3\u0107<\/a><\/p>\n<p>Co roku komisja MK NSZZ Solidarno\u015b\u0107 80 Ma\u0142opolska MSP, organizuje z okazji Dnia Dziecka wycieczki dla naszych pociech.W dniu swojego \u015bwi\u0119ta,dzieci maj\u0105 zapewnione mn\u00f3stwo atrakcji.<\/p>\n<p>By\u0142y ju\u017c zorganizowane wyjazdy mi\u0119dzy innymi do:<\/p>\n<p>&#8211; Inwa\u0142du, gdzie dzieciaki podziwia\u0142y pi\u0119kny Park Miniatur i spacerowa\u0142y w\u015br\u00f3d dinozaur\u00f3w<\/p>\n<p>&#8211; Bochni ,na szlaku boche\u0144skiej soli i zwariowanej dyskotece w podziemiach kopalni<\/p>\n<p>&#8211; Chorzowa ,tam odwiedzi\u0142y ZOO i wyszala\u0142y si\u0119 w Weso\u0142ym Miasteczku<\/p>\n<p>&#8211; Rabki,gdzie nie zabrak\u0142o atrakcji w Rabkolandzie i Bukowinie Tatrza\u0144skiej gdzie orze\u017awi\u0142y si\u0119 w basenach.<\/p>\n<p>&#8211; Zatoru,tu czeka\u0142a nasze dzieci niesamowita przygoda w nowo otwartym weso\u0142ym miasteczku<\/p>\n<p>Poni\u017cej zdj\u0119cia z tych niesamowitych chwil naszych dzieci.<\/p>\n\n\t\t<style type=\"text\/css\">\n\t\t\t#gallery-1 {\n\t\t\t\tmargin: auto;\n\t\t\t}\n\t\t\t#gallery-1 .gallery-item {\n\t\t\t\tfloat: left;\n\t\t\t\tmargin-top: 10px;\n\t\t\t\ttext-align: center;\n\t\t\t\twidth: 33%;\n\t\t\t}\n\t\t\t#gallery-1 img {\n\t\t\t\tborder: 2px solid #cfcfcf;\n\t\t\t}\n\t\t\t#gallery-1 .gallery-caption {\n\t\t\t\tmargin-left: 0;\n\t\t\t}\n\t\t\t\/* see gallery_shortcode() in wp-includes\/media.php *\/\n\t\t<\/style>\n\t\t<div id='gallery-1' class='gallery galleryid-605 gallery-columns-3 gallery-size-thumbnail'><dl class='gallery-item'>\n\t\t\t<dt class='gallery-icon landscape'>\n\t\t\t\t<a href='http:\/\/solidarnosc80malopolska.pl\/wp-content\/uploads\/2014\/09\/DSC_6632.jpg'><img loading=\"lazy\" decoding=\"async\" width=\"150\" height=\"150\" src=\"http:\/\/solidarnosc80malopolska.pl\/wp-content\/uploads\/2014\/09\/DSC_6632-150x150.jpg\" class=\"attachment-thumbnail size-thumbnail\" alt=\"\" \/><\/a>\n\t\t\t<\/dt><\/dl><dl class='gallery-item'>\n\t\t\t<dt class='gallery-icon landscape'>\n\t\t\t\t<a href='http:\/\/solidarnosc80malopolska.pl\/wp-content\/uploads\/2014\/09\/DSC_6671.jpg'><img loading=\"lazy\" decoding=\"async\" width=\"150\" height=\"150\" src=\"http:\/\/solidarnosc80malopolska.pl\/wp-content\/uploads\/2014\/09\/DSC_6671-150x150.jpg\" class=\"attachment-thumbnail size-thumbnail\" alt=\"\" \/><\/a>\n\t\t\t<\/dt><\/dl><dl class='gallery-item'>\n\t\t\t<dt class='gallery-icon landscape'>\n\t\t\t\t<a href='http:\/\/solidarnosc80malopolska.pl\/wp-content\/uploads\/2014\/09\/DSC_6730.jpg'><img loading=\"lazy\" decoding=\"async\" width=\"150\" height=\"150\" src=\"http:\/\/solidarnosc80malopolska.pl\/wp-content\/uploads\/2014\/09\/DSC_6730-150x150.jpg\" class=\"attachment-thumbnail size-thumbnail\" alt=\"\" \/><\/a>\n\t\t\t<\/dt><\/dl><br style=\"clear: both\" \/><dl class='gallery-item'>\n\t\t\t<dt class='gallery-icon landscape'>\n\t\t\t\t<a href='http:\/\/solidarnosc80malopolska.pl\/wp-content\/uploads\/2014\/09\/DSC_6827.jpg'><img loading=\"lazy\" decoding=\"async\" width=\"150\" height=\"150\" src=\"http:\/\/solidarnosc80malopolska.pl\/wp-content\/uploads\/2014\/09\/DSC_6827-150x150.jpg\" class=\"attachment-thumbnail size-thumbnail\" alt=\"\" \/><\/a>\n\t\t\t<\/dt><\/dl><dl class='gallery-item'>\n\t\t\t<dt class='gallery-icon landscape'>\n\t\t\t\t<a href='http:\/\/solidarnosc80malopolska.pl\/wp-content\/uploads\/2014\/09\/DSC_6812.jpg'><img loading=\"lazy\" decoding=\"async\" width=\"150\" height=\"150\" src=\"http:\/\/solidarnosc80malopolska.pl\/wp-content\/uploads\/2014\/09\/DSC_6812-150x150.jpg\" class=\"attachment-thumbnail size-thumbnail\" alt=\"\" \/><\/a>\n\t\t\t<\/dt><\/dl><dl class='gallery-item'>\n\t\t\t<dt class='gallery-icon landscape'>\n\t\t\t\t<a href='http:\/\/solidarnosc80malopolska.pl\/wp-content\/uploads\/2014\/09\/DSC_0391.jpg'><img loading=\"lazy\" decoding=\"async\" width=\"150\" height=\"150\" src=\"http:\/\/solidarnosc80malopolska.pl\/wp-content\/uploads\/2014\/09\/DSC_0391-150x150.jpg\" class=\"attachment-thumbnail size-thumbnail\" alt=\"\" \/><\/a>\n\t\t\t<\/dt><\/dl><br style=\"clear: both\" \/><dl class='gallery-item'>\n\t\t\t<dt class='gallery-icon landscape'>\n\t\t\t\t<a href='http:\/\/solidarnosc80malopolska.pl\/wp-content\/uploads\/2014\/09\/DSC_0231.jpg'><img loading=\"lazy\" decoding=\"async\" width=\"150\" height=\"150\" src=\"http:\/\/solidarnosc80malopolska.pl\/wp-content\/uploads\/2014\/09\/DSC_0231-150x150.jpg\" class=\"attachment-thumbnail size-thumbnail\" alt=\"\" \/><\/a>\n\t\t\t<\/dt><\/dl><dl class='gallery-item'>\n\t\t\t<dt class='gallery-icon landscape'>\n\t\t\t\t<a href='http:\/\/solidarnosc80malopolska.pl\/wp-content\/uploads\/2014\/09\/DSC_0238.jpg'><img loading=\"lazy\" decoding=\"async\" width=\"150\" height=\"150\" src=\"http:\/\/solidarnosc80malopolska.pl\/wp-content\/uploads\/2014\/09\/DSC_0238-150x150.jpg\" class=\"attachment-thumbnail size-thumbnail\" alt=\"\" \/><\/a>\n\t\t\t<\/dt><\/dl><dl class='gallery-item'>\n\t\t\t<dt class='gallery-icon landscape'>\n\t\t\t\t<a href='http:\/\/solidarnosc80malopolska.pl\/wp-content\/uploads\/2014\/09\/DSC_0225.jpg'><img loading=\"lazy\" decoding=\"async\" width=\"150\" height=\"150\" src=\"http:\/\/solidarnosc80malopolska.pl\/wp-content\/uploads\/2014\/09\/DSC_0225-150x150.jpg\" class=\"attachment-thumbnail size-thumbnail\" alt=\"\" \/><\/a>\n\t\t\t<\/dt><\/dl><br style=\"clear: both\" \/><dl class='gallery-item'>\n\t\t\t<dt class='gallery-icon landscape'>\n\t\t\t\t<a href='http:\/\/solidarnosc80malopolska.pl\/wp-content\/uploads\/2014\/09\/DSC_0245.jpg'><img loading=\"lazy\" decoding=\"async\" width=\"150\" height=\"150\" src=\"http:\/\/solidarnosc80malopolska.pl\/wp-content\/uploads\/2014\/09\/DSC_0245-150x150.jpg\" class=\"attachment-thumbnail size-thumbnail\" alt=\"\" \/><\/a>\n\t\t\t<\/dt><\/dl><dl class='gallery-item'>\n\t\t\t<dt class='gallery-icon landscape'>\n\t\t\t\t<a href='http:\/\/solidarnosc80malopolska.pl\/wp-content\/uploads\/2014\/09\/DSC_0248.jpg'><img loading=\"lazy\" decoding=\"async\" width=\"150\" height=\"150\" src=\"http:\/\/solidarnosc80malopolska.pl\/wp-content\/uploads\/2014\/09\/DSC_0248-150x150.jpg\" class=\"attachment-thumbnail size-thumbnail\" alt=\"\" \/><\/a>\n\t\t\t<\/dt><\/dl><dl class='gallery-item'>\n\t\t\t<dt class='gallery-icon landscape'>\n\t\t\t\t<a href='http:\/\/solidarnosc80malopolska.pl\/wp-content\/uploads\/2014\/09\/DSC_0374.jpg'><img loading=\"lazy\" decoding=\"async\" width=\"150\" height=\"150\" src=\"http:\/\/solidarnosc80malopolska.pl\/wp-content\/uploads\/2014\/09\/DSC_0374-150x150.jpg\" class=\"attachment-thumbnail size-thumbnail\" alt=\"\" \/><\/a>\n\t\t\t<\/dt><\/dl><br style=\"clear: both\" \/><dl class='gallery-item'>\n\t\t\t<dt class='gallery-icon landscape'>\n\t\t\t\t<a href='http:\/\/solidarnosc80malopolska.pl\/wp-content\/uploads\/2014\/09\/DSC_0344.jpg'><img loading=\"lazy\" decoding=\"async\" width=\"150\" height=\"150\" src=\"http:\/\/solidarnosc80malopolska.pl\/wp-content\/uploads\/2014\/09\/DSC_0344-150x150.jpg\" class=\"attachment-thumbnail size-thumbnail\" alt=\"\" \/><\/a>\n\t\t\t<\/dt><\/dl><dl class='gallery-item'>\n\t\t\t<dt class='gallery-icon landscape'>\n\t\t\t\t<a href='http:\/\/solidarnosc80malopolska.pl\/wp-content\/uploads\/2014\/09\/DSC_0396.jpg'><img loading=\"lazy\" decoding=\"async\" width=\"150\" height=\"150\" src=\"http:\/\/solidarnosc80malopolska.pl\/wp-content\/uploads\/2014\/09\/DSC_0396-150x150.jpg\" class=\"attachment-thumbnail size-thumbnail\" alt=\"\" \/><\/a>\n\t\t\t<\/dt><\/dl><dl class='gallery-item'>\n\t\t\t<dt class='gallery-icon landscape'>\n\t\t\t\t<a href='http:\/\/solidarnosc80malopolska.pl\/wp-content\/uploads\/2014\/09\/DSC_6010.jpg'><img loading=\"lazy\" decoding=\"async\" width=\"150\" height=\"150\" src=\"http:\/\/solidarnosc80malopolska.pl\/wp-content\/uploads\/2014\/09\/DSC_6010-150x150.jpg\" class=\"attachment-thumbnail size-thumbnail\" alt=\"\" \/><\/a>\n\t\t\t<\/dt><\/dl><br style=\"clear: both\" \/><dl class='gallery-item'>\n\t\t\t<dt class='gallery-icon landscape'>\n\t\t\t\t<a href='http:\/\/solidarnosc80malopolska.pl\/wp-content\/uploads\/2014\/09\/DSC_5998.jpg'><img loading=\"lazy\" decoding=\"async\" width=\"150\" height=\"150\" src=\"http:\/\/solidarnosc80malopolska.pl\/wp-content\/uploads\/2014\/09\/DSC_5998-150x150.jpg\" class=\"attachment-thumbnail size-thumbnail\" alt=\"\" \/><\/a>\n\t\t\t<\/dt><\/dl><dl class='gallery-item'>\n\t\t\t<dt class='gallery-icon landscape'>\n\t\t\t\t<a href='http:\/\/solidarnosc80malopolska.pl\/wp-content\/uploads\/2014\/09\/DSC_6030.jpg'><img loading=\"lazy\" decoding=\"async\" width=\"150\" height=\"150\" src=\"http:\/\/solidarnosc80malopolska.pl\/wp-content\/uploads\/2014\/09\/DSC_6030-150x150.jpg\" class=\"attachment-thumbnail size-thumbnail\" alt=\"\" \/><\/a>\n\t\t\t<\/dt><\/dl><dl class='gallery-item'>\n\t\t\t<dt class='gallery-icon landscape'>\n\t\t\t\t<a href='http:\/\/solidarnosc80malopolska.pl\/wp-content\/uploads\/2014\/09\/DSC_6066.jpg'><img loading=\"lazy\" decoding=\"async\" width=\"150\" height=\"150\" src=\"http:\/\/solidarnosc80malopolska.pl\/wp-content\/uploads\/2014\/09\/DSC_6066-150x150.jpg\" class=\"attachment-thumbnail size-thumbnail\" alt=\"\" \/><\/a>\n\t\t\t<\/dt><\/dl><br style=\"clear: both\" \/><dl class='gallery-item'>\n\t\t\t<dt class='gallery-icon landscape'>\n\t\t\t\t<a href='http:\/\/solidarnosc80malopolska.pl\/wp-content\/uploads\/2014\/09\/DSC_6138.jpg'><img loading=\"lazy\" decoding=\"async\" width=\"150\" height=\"150\" src=\"http:\/\/solidarnosc80malopolska.pl\/wp-content\/uploads\/2014\/09\/DSC_6138-150x150.jpg\" class=\"attachment-thumbnail size-thumbnail\" alt=\"\" \/><\/a>\n\t\t\t<\/dt><\/dl><dl class='gallery-item'>\n\t\t\t<dt class='gallery-icon landscape'>\n\t\t\t\t<a href='http:\/\/solidarnosc80malopolska.pl\/wp-content\/uploads\/2014\/09\/DSC_6160.jpg'><img loading=\"lazy\" decoding=\"async\" width=\"150\" height=\"150\" src=\"http:\/\/solidarnosc80malopolska.pl\/wp-content\/uploads\/2014\/09\/DSC_6160-150x150.jpg\" class=\"attachment-thumbnail size-thumbnail\" alt=\"\" \/><\/a>\n\t\t\t<\/dt><\/dl><dl class='gallery-item'>\n\t\t\t<dt class='gallery-icon landscape'>\n\t\t\t\t<a href='http:\/\/solidarnosc80malopolska.pl\/wp-content\/uploads\/2014\/09\/DSC_6139.jpg'><img loading=\"lazy\" decoding=\"async\" width=\"150\" height=\"150\" src=\"http:\/\/solidarnosc80malopolska.pl\/wp-content\/uploads\/2014\/09\/DSC_6139-150x150.jpg\" class=\"attachment-thumbnail size-thumbnail\" alt=\"\" \/><\/a>\n\t\t\t<\/dt><\/dl><br style=\"clear: both\" \/><dl class='gallery-item'>\n\t\t\t<dt class='gallery-icon landscape'>\n\t\t\t\t<a href='http:\/\/solidarnosc80malopolska.pl\/wp-content\/uploads\/2014\/09\/DSC_6168.jpg'><img loading=\"lazy\" decoding=\"async\" width=\"150\" height=\"150\" src=\"http:\/\/solidarnosc80malopolska.pl\/wp-content\/uploads\/2014\/09\/DSC_6168-150x150.jpg\" class=\"attachment-thumbnail size-thumbnail\" alt=\"\" \/><\/a>\n\t\t\t<\/dt><\/dl><dl class='gallery-item'>\n\t\t\t<dt class='gallery-icon landscape'>\n\t\t\t\t<a href='http:\/\/solidarnosc80malopolska.pl\/wp-content\/uploads\/2014\/09\/DSC_6286.jpg'><img loading=\"lazy\" decoding=\"async\" width=\"150\" height=\"150\" src=\"http:\/\/solidarnosc80malopolska.pl\/wp-content\/uploads\/2014\/09\/DSC_6286-150x150.jpg\" class=\"attachment-thumbnail size-thumbnail\" alt=\"\" \/><\/a>\n\t\t\t<\/dt><\/dl><dl class='gallery-item'>\n\t\t\t<dt class='gallery-icon portrait'>\n\t\t\t\t<a href='http:\/\/solidarnosc80malopolska.pl\/wp-content\/uploads\/2014\/09\/100_1898.jpg'><img loading=\"lazy\" decoding=\"async\" width=\"150\" height=\"150\" src=\"http:\/\/solidarnosc80malopolska.pl\/wp-content\/uploads\/2014\/09\/100_1898-150x150.jpg\" class=\"attachment-thumbnail size-thumbnail\" alt=\"\" \/><\/a>\n\t\t\t<\/dt><\/dl><br style=\"clear: both\" \/><dl class='gallery-item'>\n\t\t\t<dt class='gallery-icon landscape'>\n\t\t\t\t<a href='http:\/\/solidarnosc80malopolska.pl\/wp-content\/uploads\/2014\/09\/100_1880.jpg'><img loading=\"lazy\" decoding=\"async\" width=\"150\" height=\"150\" src=\"http:\/\/solidarnosc80malopolska.pl\/wp-content\/uploads\/2014\/09\/100_1880-150x150.jpg\" class=\"attachment-thumbnail size-thumbnail\" alt=\"\" \/><\/a>\n\t\t\t<\/dt><\/dl><dl class='gallery-item'>\n\t\t\t<dt class='gallery-icon landscape'>\n\t\t\t\t<a href='http:\/\/solidarnosc80malopolska.pl\/wp-content\/uploads\/2014\/09\/100_1926.jpg'><img loading=\"lazy\" decoding=\"async\" width=\"150\" height=\"150\" src=\"http:\/\/solidarnosc80malopolska.pl\/wp-content\/uploads\/2014\/09\/100_1926-150x150.jpg\" class=\"attachment-thumbnail size-thumbnail\" alt=\"\" \/><\/a>\n\t\t\t<\/dt><\/dl><dl class='gallery-item'>\n\t\t\t<dt class='gallery-icon portrait'>\n\t\t\t\t<a href='http:\/\/solidarnosc80malopolska.pl\/wp-content\/uploads\/2014\/09\/100_1938.jpg'><img loading=\"lazy\" decoding=\"async\" width=\"150\" height=\"150\" src=\"http:\/\/solidarnosc80malopolska.pl\/wp-content\/uploads\/2014\/09\/100_1938-150x150.jpg\" class=\"attachment-thumbnail size-thumbnail\" alt=\"\" \/><\/a>\n\t\t\t<\/dt><\/dl><br style=\"clear: both\" \/><dl class='gallery-item'>\n\t\t\t<dt class='gallery-icon landscape'>\n\t\t\t\t<a href='http:\/\/solidarnosc80malopolska.pl\/wp-content\/uploads\/2014\/09\/DSC_0262.jpg'><img loading=\"lazy\" decoding=\"async\" width=\"150\" height=\"150\" src=\"http:\/\/solidarnosc80malopolska.pl\/wp-content\/uploads\/2014\/09\/DSC_0262-150x150.jpg\" class=\"attachment-thumbnail size-thumbnail\" alt=\"\" \/><\/a>\n\t\t\t<\/dt><\/dl><dl class='gallery-item'>\n\t\t\t<dt class='gallery-icon portrait'>\n\t\t\t\t<a href='http:\/\/solidarnosc80malopolska.pl\/wp-content\/uploads\/2014\/09\/100_2004.jpg'><img loading=\"lazy\" decoding=\"async\" width=\"150\" height=\"150\" src=\"http:\/\/solidarnosc80malopolska.pl\/wp-content\/uploads\/2014\/09\/100_2004-150x150.jpg\" class=\"attachment-thumbnail size-thumbnail\" alt=\"\" \/><\/a>\n\t\t\t<\/dt><\/dl><dl class='gallery-item'>\n\t\t\t<dt class='gallery-icon landscape'>\n\t\t\t\t<a href='http:\/\/solidarnosc80malopolska.pl\/wp-content\/uploads\/2014\/09\/DSC_0214.jpg'><img loading=\"lazy\" decoding=\"async\" width=\"150\" height=\"150\" src=\"http:\/\/solidarnosc80malopolska.pl\/wp-content\/uploads\/2014\/09\/DSC_0214-150x150.jpg\" class=\"attachment-thumbnail size-thumbnail\" alt=\"\" \/><\/a>\n\t\t\t<\/dt><\/dl><br style=\"clear: both\" \/><dl class='gallery-item'>\n\t\t\t<dt class='gallery-icon landscape'>\n\t\t\t\t<a href='http:\/\/solidarnosc80malopolska.pl\/wp-content\/uploads\/2014\/09\/DSC_0247.jpg'><img loading=\"lazy\" decoding=\"async\" width=\"150\" height=\"150\" src=\"http:\/\/solidarnosc80malopolska.pl\/wp-content\/uploads\/2014\/09\/DSC_0247-150x150.jpg\" class=\"attachment-thumbnail size-thumbnail\" alt=\"\" \/><\/a>\n\t\t\t<\/dt><\/dl><dl class='gallery-item'>\n\t\t\t<dt class='gallery-icon landscape'>\n\t\t\t\t<a href='http:\/\/solidarnosc80malopolska.pl\/wp-content\/uploads\/2014\/09\/DSC_0277.jpg'><img loading=\"lazy\" decoding=\"async\" width=\"150\" height=\"150\" src=\"http:\/\/solidarnosc80malopolska.pl\/wp-content\/uploads\/2014\/09\/DSC_0277-150x150.jpg\" class=\"attachment-thumbnail size-thumbnail\" alt=\"\" \/><\/a>\n\t\t\t<\/dt><\/dl><dl class='gallery-item'>\n\t\t\t<dt class='gallery-icon landscape'>\n\t\t\t\t<a href='http:\/\/solidarnosc80malopolska.pl\/wp-content\/uploads\/2014\/09\/100_1803.jpg'><img loading=\"lazy\" decoding=\"async\" width=\"150\" height=\"150\" src=\"http:\/\/solidarnosc80malopolska.pl\/wp-content\/uploads\/2014\/09\/100_1803-150x150.jpg\" class=\"attachment-thumbnail size-thumbnail\" alt=\"\" \/><\/a>\n\t\t\t<\/dt><\/dl><br style=\"clear: both\" \/><dl class='gallery-item'>\n\t\t\t<dt class='gallery-icon landscape'>\n\t\t\t\t<a href='http:\/\/solidarnosc80malopolska.pl\/wp-content\/uploads\/2014\/09\/DSC_0133.jpg'><img loading=\"lazy\" decoding=\"async\" width=\"150\" height=\"150\" src=\"http:\/\/solidarnosc80malopolska.pl\/wp-content\/uploads\/2014\/09\/DSC_0133-150x150.jpg\" class=\"attachment-thumbnail size-thumbnail\" alt=\"\" \/><\/a>\n\t\t\t<\/dt><\/dl><dl class='gallery-item'>\n\t\t\t<dt class='gallery-icon portrait'>\n\t\t\t\t<a href='http:\/\/solidarnosc80malopolska.pl\/wp-content\/uploads\/2014\/09\/DSC_0141.jpg'><img loading=\"lazy\" decoding=\"async\" width=\"150\" height=\"150\" src=\"http:\/\/solidarnosc80malopolska.pl\/wp-content\/uploads\/2014\/09\/DSC_0141-150x150.jpg\" class=\"attachment-thumbnail size-thumbnail\" alt=\"\" \/><\/a>\n\t\t\t<\/dt><\/dl><dl class='gallery-item'>\n\t\t\t<dt class='gallery-icon landscape'>\n\t\t\t\t<a href='http:\/\/solidarnosc80malopolska.pl\/wp-content\/uploads\/2014\/09\/DSC_2718.jpg'><img loading=\"lazy\" decoding=\"async\" width=\"150\" height=\"150\" src=\"http:\/\/solidarnosc80malopolska.pl\/wp-content\/uploads\/2014\/09\/DSC_2718-150x150.jpg\" class=\"attachment-thumbnail size-thumbnail\" alt=\"\" \/><\/a>\n\t\t\t<\/dt><\/dl><br style=\"clear: both\" \/><dl class='gallery-item'>\n\t\t\t<dt class='gallery-icon landscape'>\n\t\t\t\t<a href='http:\/\/solidarnosc80malopolska.pl\/wp-content\/uploads\/2014\/09\/DSC_2795.jpg'><img loading=\"lazy\" decoding=\"async\" width=\"150\" height=\"150\" src=\"http:\/\/solidarnosc80malopolska.pl\/wp-content\/uploads\/2014\/09\/DSC_2795-150x150.jpg\" class=\"attachment-thumbnail size-thumbnail\" alt=\"\" \/><\/a>\n\t\t\t<\/dt><\/dl><dl class='gallery-item'>\n\t\t\t<dt class='gallery-icon landscape'>\n\t\t\t\t<a href='http:\/\/solidarnosc80malopolska.pl\/wp-content\/uploads\/2014\/09\/DSC_2799.jpg'><img loading=\"lazy\" decoding=\"async\" width=\"150\" height=\"150\" src=\"http:\/\/solidarnosc80malopolska.pl\/wp-content\/uploads\/2014\/09\/DSC_2799-150x150.jpg\" class=\"attachment-thumbnail size-thumbnail\" alt=\"\" \/><\/a>\n\t\t\t<\/dt><\/dl><dl class='gallery-item'>\n\t\t\t<dt class='gallery-icon landscape'>\n\t\t\t\t<a href='http:\/\/solidarnosc80malopolska.pl\/wp-content\/uploads\/2014\/09\/DSC_2826.jpg'><img loading=\"lazy\" decoding=\"async\" width=\"150\" height=\"150\" src=\"http:\/\/solidarnosc80malopolska.pl\/wp-content\/uploads\/2014\/09\/DSC_2826-150x150.jpg\" class=\"attachment-thumbnail size-thumbnail\" alt=\"\" \/><\/a>\n\t\t\t<\/dt><\/dl><br style=\"clear: both\" \/><dl class='gallery-item'>\n\t\t\t<dt class='gallery-icon landscape'>\n\t\t\t\t<a href='http:\/\/solidarnosc80malopolska.pl\/wp-content\/uploads\/2014\/09\/DSC_2828.jpg'><img loading=\"lazy\" decoding=\"async\" width=\"150\" height=\"150\" src=\"http:\/\/solidarnosc80malopolska.pl\/wp-content\/uploads\/2014\/09\/DSC_2828-150x150.jpg\" class=\"attachment-thumbnail size-thumbnail\" alt=\"\" \/><\/a>\n\t\t\t<\/dt><\/dl><dl class='gallery-item'>\n\t\t\t<dt class='gallery-icon landscape'>\n\t\t\t\t<a href='http:\/\/solidarnosc80malopolska.pl\/wp-content\/uploads\/2014\/09\/DSC_2830.jpg'><img loading=\"lazy\" decoding=\"async\" width=\"150\" height=\"150\" src=\"http:\/\/solidarnosc80malopolska.pl\/wp-content\/uploads\/2014\/09\/DSC_2830-150x150.jpg\" class=\"attachment-thumbnail size-thumbnail\" alt=\"\" \/><\/a>\n\t\t\t<\/dt><\/dl><dl class='gallery-item'>\n\t\t\t<dt class='gallery-icon landscape'>\n\t\t\t\t<a href='http:\/\/solidarnosc80malopolska.pl\/wp-content\/uploads\/2014\/09\/DSC_2833.jpg'><img loading=\"lazy\" decoding=\"async\" width=\"150\" height=\"150\" src=\"http:\/\/solidarnosc80malopolska.pl\/wp-content\/uploads\/2014\/09\/DSC_2833-150x150.jpg\" class=\"attachment-thumbnail size-thumbnail\" alt=\"\" \/><\/a>\n\t\t\t<\/dt><\/dl><br style=\"clear: both\" \/>\n\t\t<\/div>\n\n<p><a title=\"Imprezy\" href=\"http:\/\/solidarnosc80malopolska.pl\/?page_id=169\">\u2190 wr\u00f3\u0107<\/a><\/p>\n","protected":false},"excerpt":{"rendered":"<div class=\"fcbkbttn_buttons_block\" id=\"fcbkbttn_left\"><div class=\"fcbkbttn_like \"><fb:like href=\"http:\/\/solidarnosc80malopolska.pl\/?page_id=605\" action=\"like\" colorscheme=\"light\" layout=\"button_count\"  size=\"small\"><\/fb:like><\/div><div class=\"fb-share-button  \" data-href=\"http:\/\/solidarnosc80malopolska.pl\/?page_id=605\" data-type=\"button_count\" data-size=\"small\"><\/div><\/div><p>\u2190 wr\u00f3\u0107 Co roku komisja MK NSZZ Solidarno\u015b\u0107 80 Ma\u0142opolska MSP, organizuje z okazji Dnia Dziecka wycieczki dla naszych pociech.W dniu swojego \u015bwi\u0119ta,dzieci maj\u0105 zapewnione mn\u00f3stwo atrakcji. By\u0142y ju\u017c zorganizowane wyjazdy mi\u0119dzy innymi do: &#8211; Inwa\u0142du, gdzie dzieciaki podziwia\u0142y pi\u0119kny &hellip; <a class=\"more-link\" href=\"http:\/\/solidarnosc80malopolska.pl\/?page_id=605\">Czytaj dalej <span class=\"meta-nav\">&rarr;<\/span><\/a><\/p>\n","protected":false},"author":1,"featured_media":0,"parent":169,"menu_order":0,"comment_status":"closed","ping_status":"closed","template":"","meta":{"pgc_sgb_lightbox_settings":"","footnotes":""},"class_list":["post-605","page","type-page","status-publish","hentry"],"_links":{"self":[{"href":"http:\/\/solidarnosc80malopolska.pl\/index.php?rest_route=\/wp\/v2\/pages\/605","targetHints":{"allow":["GET"]}}],"collection":[{"href":"http:\/\/solidarnosc80malopolska.pl\/index.php?rest_route=\/wp\/v2\/pages"}],"about":[{"href":"http:\/\/solidarnosc80malopolska.pl\/index.php?rest_route=\/wp\/v2\/types\/page"}],"author":[{"embeddable":true,"href":"http:\/\/solidarnosc80malopolska.pl\/index.php?rest_route=\/wp\/v2\/users\/1"}],"replies":[{"embeddable":true,"href":"http:\/\/solidarnosc80malopolska.pl\/index.php?rest_route=%2Fwp%2Fv2%2Fcomments&post=605"}],"version-history":[{"count":6,"href":"http:\/\/solidarnosc80malopolska.pl\/index.php?rest_route=\/wp\/v2\/pages\/605\/revisions"}],"predecessor-version":[{"id":799,"href":"http:\/\/solidarnosc80malopolska.pl\/index.php?rest_route=\/wp\/v2\/pages\/605\/revisions\/799"}],"up":[{"embeddable":true,"href":"http:\/\/solidarnosc80malopolska.pl\/index.php?rest_route=\/wp\/v2\/pages\/169"}],"wp:attachment":[{"href":"http:\/\/solidarnosc80malopolska.pl\/index.php?rest_route=%2Fwp%2Fv2%2Fmedia&parent=605"}],"curies":[{"name":"wp","href":"https:\/\/api.w.org\/{rel}","templated":true}]}}