{"id":853,"date":"2016-02-10T20:02:47","date_gmt":"2016-02-10T19:02:47","guid":{"rendered":"http:\/\/solidarnosc80malopolska.pl\/?page_id=853"},"modified":"2025-08-27T13:42:31","modified_gmt":"2025-08-27T11:42:31","slug":"853-2","status":"publish","type":"page","link":"http:\/\/solidarnosc80malopolska.pl\/?page_id=853","title":{"rendered":"ZARZ\u0104D KOMISJI MI\u0118DZYZAK\u0141ADOWEJ KADENCJA 2024-2028"},"content":{"rendered":"<div class=\"fcbkbttn_buttons_block\" id=\"fcbkbttn_left\"><div class=\"fcbkbttn_like \"><fb:like href=\"http:\/\/solidarnosc80malopolska.pl\/?page_id=853\" action=\"like\" colorscheme=\"light\" layout=\"button_count\"  size=\"small\"><\/fb:like><\/div><div class=\"fb-share-button  \" data-href=\"http:\/\/solidarnosc80malopolska.pl\/?page_id=853\" data-type=\"button_count\" data-size=\"small\"><\/div><\/div>\n\t<span class=\"fbreplace\">\n\t<!-- FBML <div class=\"fb-like\" data-href=\"http:\/\/solidarnosc80malopolska.pl\/?page_id=853\" data-send=\"true\" data-layout=\"standard\" data-width=\"450\" show_faces=\"false\" data-action=\"recommend\" data-font=\"\" style=\"margin: 0px 0px 0px 0px;\"><\/div> FBML -->\n\t<\/span>\n\t\n<p><a href=\"http:\/\/solidarnosc80malopolska.pl\/?page_id=115\">\u2190wr\u00f3\u0107<\/a><\/p>\n<p><strong>Zarz\u0105d Komisji Mi\u0119dzyzak\u0142adowej:<\/strong><\/p>\n<ul>\n<li>Przewodnicz\u0105cy \u00a0 \u00a0 \u00a0 \u00a0 \u00a0&#8211; <em>Marek Siwak<\/em><\/li>\n<li>Wiceprzewodnicz\u0105cy \u00a0 &#8211;<em>Adam Lemoch<br \/>\n<\/em><\/li>\n<li>Wiceprzewodnicz\u0105cy \u00a0 -Jacek S\u0142upik<\/li>\n<li>Sekretarz \u00a0 \u00a0 \u00a0 \u00a0 \u00a0 \u00a0 \u00a0 \u00a0 \u00a0 \u00a0 <em>-Wojciech Piotrowski<br \/>\n<\/em><\/li>\n<li>Skarbnik\u00a0\u00a0\u00a0\u00a0\u00a0\u00a0\u00a0\u00a0\u00a0\u00a0\u00a0\u00a0\u00a0\u00a0\u00a0\u00a0\u00a0\u00a0\u00a0\u00a0\u00a0<em>\u00a0 -Alicja Nowak-Dziura<br \/>\n<\/em><\/li>\n<li>Cz\u0142onek Zarz\u0105du\u00a0 \u00a0 \u00a0 \u00a0 \u00a0 <em>-Adam Klimczyk<\/em><em><br \/>\n<\/em><\/li>\n<li>Cz\u0142onek Zarz\u0105du\u00a0 \u00a0 \u00a0 \u00a0 \u00a0<em>\u00a0-Pawe\u0142 Bober<br \/>\n<\/em><\/li>\n<li>Cz\u0142onek Zarz\u0105du \u00a0 \u00a0 \u00a0 \u00a0 &#8211; <em>Jan Migda\u0142<\/em><\/li>\n<li>Cz\u0142onek Zarz\u0105du \u00a0 \u00a0 \u00a0 \u00a0 &#8211; <em>Zdzis\u0142aw Mazur<\/em><em><br \/>\n<\/em><\/li>\n<li>Cz\u0142onek Zarz\u0105du \u00a0 \u00a0 \u00a0 \u00a0 &#8211;<em> Ma\u0142gorzata G\u0119bicka<\/em><\/li>\n<li>Cz\u0142onek Zarz\u0105du\u00a0\u00a0\u00a0\u00a0\u00a0\u00a0\u00a0\u00a0 &#8211; <em>Marek Ci\u0119pka<\/em><\/li>\n<\/ul>\n<p><strong>Komisja Rewizyjna:<\/strong><\/p>\n<ul>\n<li>Przewodnicz\u0105cy\u00a0 \u00a0 \u00a0 \u00a0 \u00a0 &#8211;<em>Wojciech Nalepa<\/em><\/li>\n<li>Wiceprzewodnicz\u0105cy &#8211; <em>Grzegorz Skwarczek<\/em><\/li>\n<li>Sekretarz \u00a0 \u00a0 \u00a0 \u00a0 \u00a0 \u00a0 \u00a0 \u00a0 \u00a0 \u00a0&#8211; <em>Andrzej Tecl<\/em><\/li>\n<li>Cz\u0142onek\u00a0\u00a0\u00a0\u00a0\u00a0\u00a0\u00a0\u00a0\u00a0\u00a0\u00a0\u00a0\u00a0\u00a0\u00a0\u00a0\u00a0\u00a0\u00a0\u00a0\u00a0 &#8211; <em>Marcin Olejarz<\/em><\/li>\n<li>Cz\u0142onek \u00a0 \u00a0 \u00a0 \u00a0 \u00a0 \u00a0 \u00a0 \u00a0 \u00a0 \u00a0 \u00a0&#8211; Eugeniusz Hlek<em><br \/>\n<\/em><\/li>\n<\/ul>\n<p><strong>Delegaci na Zjazd Regionu:<\/strong><\/p>\n<ul>\n<li><em>Adam Lemoch<\/em><em><br \/>\n<\/em><\/li>\n<li><em>Pawe\u0142 Bober<\/em><\/li>\n<li><em>Marek Siwak<\/em><\/li>\n<li><em>Andrzej Tecl<\/em><\/li>\n<li><em>Jacek S\u0142upik<\/em><\/li>\n<li><em>Jan Migda\u0142<\/em><\/li>\n<li><em>Wojciech Nalepa<\/em><em><br \/>\n<\/em><\/li>\n<li><em>Miros\u0142aw Luty<\/em><\/li>\n<li><em>Wojciech Piotrowski<\/em><\/li>\n<li><em>Alicja Nowak-Dziura<\/em><\/li>\n<li><em>Grzegorz Skwarczek<br \/>\n<\/em><\/li>\n<li><em>Marcin Olejarz<\/em><\/li>\n<li><em>Henryk Kowal<\/em><\/li>\n<li><em>Robert Strzelecki<\/em><\/li>\n<li>Marek Ci\u0119pka<\/li>\n<li>Pawe\u0142 Data<\/li>\n<li>Zygmunt Wolnicki<\/li>\n<li>Robert Puter<\/li>\n<li>Kamil Maj<\/li>\n<li>Artur Nalepa<\/li>\n<\/ul>\n<p><em>rezerwa: Dorota Bober oraz Kazimierz Przenios\u0142o<\/em><\/p>\n","protected":false},"excerpt":{"rendered":"<div class=\"fcbkbttn_buttons_block\" id=\"fcbkbttn_left\"><div class=\"fcbkbttn_like \"><fb:like href=\"http:\/\/solidarnosc80malopolska.pl\/?page_id=853\" action=\"like\" colorscheme=\"light\" layout=\"button_count\"  size=\"small\"><\/fb:like><\/div><div class=\"fb-share-button  \" data-href=\"http:\/\/solidarnosc80malopolska.pl\/?page_id=853\" data-type=\"button_count\" data-size=\"small\"><\/div><\/div><p>\u2190wr\u00f3\u0107 Zarz\u0105d Komisji Mi\u0119dzyzak\u0142adowej: Przewodnicz\u0105cy \u00a0 \u00a0 \u00a0 \u00a0 \u00a0&#8211; Marek Siwak Wiceprzewodnicz\u0105cy \u00a0 &#8211;Adam Lemoch Wiceprzewodnicz\u0105cy \u00a0 -Jacek S\u0142upik Sekretarz \u00a0 \u00a0 \u00a0 \u00a0 \u00a0 \u00a0 \u00a0 \u00a0 \u00a0 \u00a0 -Wojciech Piotrowski Skarbnik\u00a0\u00a0\u00a0\u00a0\u00a0\u00a0\u00a0\u00a0\u00a0\u00a0\u00a0\u00a0\u00a0\u00a0\u00a0\u00a0\u00a0\u00a0\u00a0\u00a0\u00a0\u00a0 -Alicja Nowak-Dziura Cz\u0142onek Zarz\u0105du\u00a0 \u00a0 \u00a0 &hellip; <a class=\"more-link\" href=\"http:\/\/solidarnosc80malopolska.pl\/?page_id=853\">Czytaj dalej <span class=\"meta-nav\">&rarr;<\/span><\/a><\/p>\n","protected":false},"author":1,"featured_media":0,"parent":115,"menu_order":0,"comment_status":"closed","ping_status":"closed","template":"","meta":{"pgc_sgb_lightbox_settings":"","footnotes":""},"class_list":["post-853","page","type-page","status-publish","hentry"],"_links":{"self":[{"href":"http:\/\/solidarnosc80malopolska.pl\/index.php?rest_route=\/wp\/v2\/pages\/853","targetHints":{"allow":["GET"]}}],"collection":[{"href":"http:\/\/solidarnosc80malopolska.pl\/index.php?rest_route=\/wp\/v2\/pages"}],"about":[{"href":"http:\/\/solidarnosc80malopolska.pl\/index.php?rest_route=\/wp\/v2\/types\/page"}],"author":[{"embeddable":true,"href":"http:\/\/solidarnosc80malopolska.pl\/index.php?rest_route=\/wp\/v2\/users\/1"}],"replies":[{"embeddable":true,"href":"http:\/\/solidarnosc80malopolska.pl\/index.php?rest_route=%2Fwp%2Fv2%2Fcomments&post=853"}],"version-history":[{"count":20,"href":"http:\/\/solidarnosc80malopolska.pl\/index.php?rest_route=\/wp\/v2\/pages\/853\/revisions"}],"predecessor-version":[{"id":1833,"href":"http:\/\/solidarnosc80malopolska.pl\/index.php?rest_route=\/wp\/v2\/pages\/853\/revisions\/1833"}],"up":[{"embeddable":true,"href":"http:\/\/solidarnosc80malopolska.pl\/index.php?rest_route=\/wp\/v2\/pages\/115"}],"wp:attachment":[{"href":"http:\/\/solidarnosc80malopolska.pl\/index.php?rest_route=%2Fwp%2Fv2%2Fmedia&parent=853"}],"curies":[{"name":"wp","href":"https:\/\/api.w.org\/{rel}","templated":true}]}}